{"id":376,"date":"2025-08-20T13:56:45","date_gmt":"2025-08-20T13:56:45","guid":{"rendered":"https:\/\/tommasolanucara.com\/?page_id=376"},"modified":"2025-08-20T19:45:59","modified_gmt":"2025-08-20T19:45:59","slug":"legal-notice","status":"publish","type":"page","link":"https:\/\/tommasolanucara.com\/es\/legal-notice\/","title":{"rendered":"Aviso legal"},"content":{"rendered":"<div data-elementor-type=\"wp-page\" data-elementor-id=\"376\" class=\"elementor elementor-376\" data-elementor-post-type=\"page\">\n\t\t\t\t<div class=\"elementor-element elementor-element-666aff9 e-flex e-con-boxed e-con e-parent\" data-id=\"666aff9\" data-element_type=\"container\" data-e-type=\"container\">\n\t\t\t\t\t<div class=\"e-con-inner\">\n\t\t\t\t<div class=\"elementor-element elementor-element-2fc4022 elementor-widget elementor-widget-heading\" data-id=\"2fc4022\" data-element_type=\"widget\" data-e-type=\"widget\" data-widget_type=\"heading.default\">\n\t\t\t\t\t<h1 class=\"elementor-heading-title elementor-size-default\">Aviso legal<\/h1>\t\t\t\t<\/div>\n\t\t\t\t<div class=\"elementor-element elementor-element-b75c6dd elementor-widget elementor-widget-text-editor\" data-id=\"b75c6dd\" data-element_type=\"widget\" data-e-type=\"widget\" data-widget_type=\"text-editor.default\">\n\t\t\t\t\t\t\t\t\t<p><b>Nombre comercial:<\/b><span style=\"font-weight: 400;\"> Tom\u00e1s Lanucara<br \/><\/span><\/p><p><b>Nombre de empresa:<\/b><span style=\"font-weight: 400;\"> Tom\u00e1s Lanucara<br \/><\/span><\/p><p><b>Identificaci\u00f3n fiscal:\u00a0<\/b>Z0652798V<\/p><p><b>DIRECCI\u00d3N: <\/b>c\/ Bellver 22<\/p><p><b>Tel\u00e9fono: <\/b>+34 617489563<\/p><p><b>Correo electr\u00f3nico: <\/b>tommasolanucara@gmail.com<\/p><p><b>T\u00c9RMINOS Y CONDICIONES LEGALES<\/b><\/p><p><span style=\"font-weight: 400;\">El uso de este sitio web le otorga al navegante la condici\u00f3n de usuario, lo que implica la adhesi\u00f3n a estas condiciones en la versi\u00f3n publicada en el momento del acceso. Por lo tanto, EL PROPIETARIO DEL SITIO WEB recomienda al usuario que las lea atentamente cada vez que acceda al sitio web. El acceso a ciertos contenidos ofrecidos a trav\u00e9s de este sitio web puede estar sujeto a condiciones espec\u00edficas que, seg\u00fan corresponda, sustituyen, complementan o modifican estas condiciones generales. Por lo tanto, antes de acceder o utilizar dicho contenido, el usuario tambi\u00e9n debe leer atentamente las condiciones espec\u00edficas correspondientes. EL PROPIETARIO DEL SITIO WEB podr\u00e1 modificar el dise\u00f1o, la presentaci\u00f3n o la configuraci\u00f3n del Sitio Web en cualquier momento y sin previo aviso, as\u00ed como parte o la totalidad de su Contenido, y modificar las condiciones generales o espec\u00edficas requeridas para su uso.<\/span><\/p><p><b>RESPONSABILIDAD Y GARANT\u00cdA DEL PROPIETARIO DEL SITIO WEB<\/b><\/p><p><span style=\"font-weight: 400;\">ACCESO<\/span><\/p><p><span style=\"font-weight: 400;\">En general, el acceso al sitio web es libre y gratuito. No obstante, EL PROPIETARIO DEL SITIO WEB se reserva el derecho, de conformidad con la legislaci\u00f3n vigente, a limitar el acceso a determinadas \u00e1reas del sitio web. En tales casos, como requisito previo para acceder al servicio, el Usuario deber\u00e1 registrarse proporcionando toda la informaci\u00f3n solicitada, asegur\u00e1ndose de que est\u00e9 actualizada y sea precisa (v\u00e9ase la pol\u00edtica de privacidad). El uso de la contrase\u00f1a es personal e intransferible, y no se permite su cesi\u00f3n, ni siquiera temporal, a terceros. En este sentido, el Usuario se compromete a usarla diligentemente y a mantenerla en secreto, asumiendo la plena responsabilidad por las consecuencias de su divulgaci\u00f3n a terceros.<\/span><\/p><p><span style=\"font-weight: 400;\">CONTENIDO<\/span><\/p><p><span style=\"font-weight: 400;\">EL PROPIETARIO DEL SITIO WEB se reserva el derecho a interrumpir el acceso a su sitio web, as\u00ed como la prestaci\u00f3n de cualquier o todo el Contenido ofrecido a trav\u00e9s de \u00e9l, en cualquier momento y sin previo aviso, ya sea por motivos t\u00e9cnicos, de seguridad, de control, de mantenimiento, por fallos de suministro el\u00e9ctrico o por cualquier otra raz\u00f3n. Dicha interrupci\u00f3n podr\u00e1 ser temporal o permanente, en cuyo caso se informar\u00e1 a los usuarios, quienes, en su caso, podr\u00edan perder la informaci\u00f3n almacenada en los diferentes servicios. En consecuencia, EL PROPIETARIO DEL SITIO WEB no garantiza la fiabilidad, disponibilidad ni continuidad de su sitio web ni de su Contenido, ya sea propio o de otros sitios web accesibles mediante enlaces, por lo que el uso de estos por parte del Usuario se realiza bajo su propia responsabilidad, sin que EL PROPIETARIO DEL SITIO WEB pueda responsabilizarse al respecto. EL PROPIETARIO DEL SITIO WEB no ser\u00e1 responsable de ning\u00fan tipo de da\u00f1o, p\u00e9rdida, reclamaci\u00f3n o gasto derivado de la informaci\u00f3n adquirida o accedida a trav\u00e9s del sitio web, virus inform\u00e1ticos, fallos operativos, interrupciones del servicio o de la transmisi\u00f3n, o fallos de la l\u00ednea. Queda prohibida la transmisi\u00f3n o env\u00edo a trav\u00e9s del sitio web de cualquier contenido il\u00edcito o il\u00edcito, virus inform\u00e1ticos, o mensajes que, en general, afecten o violen derechos de EL PROPIETARIO DE LA WEB o de terceros.<\/span><\/p><p><span style=\"font-weight: 400;\">PROPIEDAD INDUSTRIAL E INTELECTUAL<\/span><\/p><p><span style=\"font-weight: 400;\">Este sitio web es propiedad de EL PROPIETARIO DEL SITIO WEB. Los derechos de propiedad intelectual y los derechos de explotaci\u00f3n y reproducci\u00f3n de este sitio web, sus p\u00e1ginas, pantallas, la informaci\u00f3n que contienen, su apariencia y dise\u00f1o, as\u00ed como los enlaces que se establezcan desde \u00e9l a otras p\u00e1ginas, son propiedad exclusiva de EL PROPIETARIO DEL SITIO WEB, salvo que se especifique lo contrario. Todos los nombres, dise\u00f1os y\/o logotipos que componen esta p\u00e1gina son marcas registradas. Cualquier uso indebido de los mismos por parte de alguien distinto de su leg\u00edtimo titular podr\u00e1 ser perseguido de conformidad con la legislaci\u00f3n vigente. Los derechos de propiedad intelectual y las marcas de terceros se destacan adecuadamente y deben ser respetados por todo aquel que acceda al sitio web. La descarga de contenido, la copia o la impresi\u00f3n de cualquier p\u00e1gina de este sitio web est\u00e1 permitida \u00fanicamente para uso personal y privado. Queda prohibida la reproducci\u00f3n, transmisi\u00f3n, modificaci\u00f3n o eliminaci\u00f3n de la informaci\u00f3n, el contenido o las advertencias de este sitio web sin la previa autorizaci\u00f3n por escrito de EL PROPIETARIO DEL SITIO WEB.<\/span><\/p><p><b>LEY APLICABLE<\/b><\/p><p><span style=\"font-weight: 400;\">Las presentes condiciones generales se rigen por la legislaci\u00f3n espa\u00f1ola.<\/span><\/p><p><b>POL\u00cdTICA DE PRIVACIDAD<\/b><\/p><p><span style=\"font-weight: 400;\">A efectos de la normativa vigente en materia de protecci\u00f3n de datos personales, EL PROPIETARIO DE LA WEB informa que cualquier dato personal proporcionado durante la navegaci\u00f3n en nuestro sitio web se incorporar\u00e1 a un sistema de tratamiento de datos bajo su responsabilidad, con la \u00fanica finalidad de gestionar las solicitudes de los usuarios. \u00danicamente con el consentimiento expl\u00edcito del usuario, EL PROPIETARIO DE LA WEB le enviar\u00e1 informaci\u00f3n por cualquier medio, incluido el correo electr\u00f3nico y\/o medios equivalentes, sobre productos, servicios, ofertas y noticias que considere de inter\u00e9s. EL PROPIETARIO DE LA WEB se compromete a cumplir con su obligaci\u00f3n de mantener la confidencialidad de los datos personales y a adoptar las medidas necesarias para evitar su alteraci\u00f3n, p\u00e9rdida, tratamiento o acceso no autorizado, teniendo siempre en cuenta el estado de la tecnolog\u00eda y cumpliendo con las medidas de seguridad t\u00e9cnicas y organizativas. Finalmente, le informamos sobre la posibilidad de ejercer los derechos de acceso, rectificaci\u00f3n, cancelaci\u00f3n y oposici\u00f3n mediante solicitud al administrador del sistema.<\/span><\/p>\t\t\t\t\t\t\t\t<\/div>\n\t\t\t\t\t<\/div>\n\t\t\t\t<\/div>\n\t\t\t\t<\/div>","protected":false},"excerpt":{"rendered":"<p>Trade Name: Tommaso Lanucara Company Name: Tommaso Lanucara Tax ID:\u00a0Z0652798V Address: c\/ Bellver 22 Phone: +34 617489563 Email: tommasolanucara@gmail.com LEGAL TERMS AND CONDITIONS The use of this website grants the navigator the status of a user of the site, which implies adherence to these conditions in the version published at the time access is granted. [&hellip;]<\/p>\n","protected":false},"author":1,"featured_media":0,"parent":0,"menu_order":0,"comment_status":"closed","ping_status":"closed","template":"","meta":{"footnotes":""},"class_list":["post-376","page","type-page","status-publish","hentry"],"_links":{"self":[{"href":"https:\/\/tommasolanucara.com\/es\/wp-json\/wp\/v2\/pages\/376","targetHints":{"allow":["GET"]}}],"collection":[{"href":"https:\/\/tommasolanucara.com\/es\/wp-json\/wp\/v2\/pages"}],"about":[{"href":"https:\/\/tommasolanucara.com\/es\/wp-json\/wp\/v2\/types\/page"}],"author":[{"embeddable":true,"href":"https:\/\/tommasolanucara.com\/es\/wp-json\/wp\/v2\/users\/1"}],"replies":[{"embeddable":true,"href":"https:\/\/tommasolanucara.com\/es\/wp-json\/wp\/v2\/comments?post=376"}],"version-history":[{"count":4,"href":"https:\/\/tommasolanucara.com\/es\/wp-json\/wp\/v2\/pages\/376\/revisions"}],"predecessor-version":[{"id":380,"href":"https:\/\/tommasolanucara.com\/es\/wp-json\/wp\/v2\/pages\/376\/revisions\/380"}],"wp:attachment":[{"href":"https:\/\/tommasolanucara.com\/es\/wp-json\/wp\/v2\/media?parent=376"}],"curies":[{"name":"wp","href":"https:\/\/api.w.org\/{rel}","templated":true}]}}