{"id":415,"date":"2025-08-20T14:21:19","date_gmt":"2025-08-20T14:21:19","guid":{"rendered":"https:\/\/tommasolanucara.com\/?page_id=415"},"modified":"2025-08-20T19:45:50","modified_gmt":"2025-08-20T19:45:50","slug":"privacy-policy","status":"publish","type":"page","link":"https:\/\/tommasolanucara.com\/es\/privacy-policy\/","title":{"rendered":"pol\u00edtica de privacidad"},"content":{"rendered":"<div data-elementor-type=\"wp-page\" data-elementor-id=\"415\" class=\"elementor elementor-415\" data-elementor-post-type=\"page\">\n\t\t\t\t<div class=\"elementor-element elementor-element-666aff9 e-flex e-con-boxed e-con e-parent\" data-id=\"666aff9\" data-element_type=\"container\" data-e-type=\"container\">\n\t\t\t\t\t<div class=\"e-con-inner\">\n\t\t\t\t<div class=\"elementor-element elementor-element-2fc4022 elementor-widget elementor-widget-heading\" data-id=\"2fc4022\" data-element_type=\"widget\" data-e-type=\"widget\" data-widget_type=\"heading.default\">\n\t\t\t\t\t<h1 class=\"elementor-heading-title elementor-size-default\">pol\u00edtica de privacidad<\/h1>\t\t\t\t<\/div>\n\t\t\t\t<div class=\"elementor-element elementor-element-b75c6dd elementor-widget elementor-widget-text-editor\" data-id=\"b75c6dd\" data-element_type=\"widget\" data-e-type=\"widget\" data-widget_type=\"text-editor.default\">\n\t\t\t\t\t\t\t\t\t<p><span style=\"font-weight: 400;\">La presente Pol\u00edtica de Privacidad, junto con las Normas de Participaci\u00f3n y el Aviso Legal, constituye el marco legal que rige el uso del sitio web.<\/span><a title=\"https:\/\/tommasolanucara.com\/\" href=\"https:\/\/tommasolanucara.com\/es\/\"><span style=\"font-weight: 400;\"> tommasolanucara.com<\/span><\/a><span style=\"font-weight: 400;\">Esta Pol\u00edtica de Privacidad regula espec\u00edficamente el uso y tratamiento que LA EMPRESA da a sus datos personales como usuario del Sitio Web, ya que al acceder a este sitio web, usted adquiere la condici\u00f3n de usuario del mismo (en adelante, el \u00abUsuario\u00bb).<\/span><\/p>\n<p><b>Este sitio web es propiedad de:<\/b><b><br><\/b><span style=\"font-weight: 400;\"><br><\/span>Tommaso Lanucara, con domicilio social en Direcci\u00f3n: c\/ Bellver 22 y CIF: Z0652798V, en adelante LA EMPRESA.<\/p>\n<p><span style=\"font-weight: 400;\">En el sitio web, encontrar\u00e1 esta Pol\u00edtica de Privacidad disponible en catal\u00e1n para que pueda consultarla, guardarla o imprimirla en cualquier momento. Esta Pol\u00edtica de Privacidad puede cambiar con el tiempo como resultado de modificaciones en el sitio web, novedades legislativas o judiciales, la aparici\u00f3n de nuevos criterios de la Agencia Espa\u00f1ola de Protecci\u00f3n de Datos o la nueva normativa europea que requiera futuras modificaciones. Por lo tanto, LA EMPRESA se reserva el derecho a modificar esta Pol\u00edtica de Privacidad y recomienda leerla atentamente cada vez que acceda al sitio web.<\/span><\/p>\n<p><b>Confidencialidad<\/b><b><br><\/b><b><br><\/b><span style=\"font-weight: 400;\">LA EMPRESA se compromete al cumplimiento de su obligaci\u00f3n de secreto de los datos de car\u00e1cter personal y a guardarlos de forma segura, adoptando al efecto las medidas necesarias para evitar su alteraci\u00f3n, p\u00e9rdida, tratamiento o acceso no autorizado, habida cuenta en todo momento del estado de la tecnolog\u00eda.<\/span><\/p>\n<p><b>Seguridad de datos<\/b><b><br><\/b><b><br><\/b><span style=\"font-weight: 400;\">LA EMPRESA garantiza la adopci\u00f3n de las medidas adecuadas para garantizar la confidencialidad del tratamiento de estos datos. Por ello, ha implementado todas las medidas de seguridad t\u00e9cnicas y organizativas necesarias para garantizar la integridad, confidencialidad y disponibilidad de los datos personales proporcionados por el usuario, en particular las estipuladas en el RGPD (Reglamento General de Protecci\u00f3n de Datos \u2013 UE 2016\/679, de 27 de abril), que ha ampliado el alcance de la Ley Org\u00e1nica 15\/1999, de 13 de diciembre, de Protecci\u00f3n de Datos de Car\u00e1cter Personal (LOPD) y su Reglamento de Desarrollo, el RD 1720\/2007.<\/span><\/p>\n<p><b>Protecci\u00f3n de Datos Personales<\/b><b><br><\/b><b><br><\/b><span style=\"font-weight: 400;\">Los datos personales facilitados voluntariamente ser\u00e1n tratados de forma confidencial, bajo la protecci\u00f3n y especificaciones contenidas en la normativa vigente, y ser\u00e1n recogidos en un fichero debidamente inscrito en la Agencia de Protecci\u00f3n de Datos, cuyo responsable es LA EMPRESA, y cuya finalidad es la gesti\u00f3n de usuarios y suscriptores, as\u00ed como la venta online de productos y la resoluci\u00f3n de consultas.<\/span><\/p>\n<p><span style=\"font-weight: 400;\">La base legal para el tratamiento de datos es el consentimiento del suscriptor. Tratamos los datos personales de los suscriptores del bolet\u00edn informativo \u00fanicamente con el fin de enviarles nuestro bolet\u00edn. Tratamos los datos personales de los usuarios registrados y suscriptores de pago exclusivamente para gestionar su relaci\u00f3n con LA EMPRESA, cobrar las comisiones (si procede), organizar actividades y campa\u00f1as, y enviar comunicaciones informativas y comerciales (tambi\u00e9n por v\u00eda electr\u00f3nica).<\/span><\/p>\n<p><span style=\"font-weight: 400;\">Los datos personales no ser\u00e1n cedidos a terceros (salvo obligaci\u00f3n legal) y se conservar\u00e1n durante un plazo de seis (6) a\u00f1os de acuerdo con la normativa contable vigente y, en su caso, durante diez (10) a\u00f1os de acuerdo con la normativa de prevenci\u00f3n de blanqueo de capitales.<\/span><\/p>\n<p><span style=\"font-weight: 400;\">El usuario puede acceder a sus datos personales, as\u00ed como solicitar la rectificaci\u00f3n de datos inexactos o, en su caso, solicitar la cancelaci\u00f3n o supresi\u00f3n de los datos cuando ya no sean necesarios para los fines recogidos. Tambi\u00e9n puede solicitar la limitaci\u00f3n, portabilidad y oposici\u00f3n al tratamiento de sus datos en determinadas circunstancias y por motivos relacionados con su situaci\u00f3n particular.<\/span><\/p>\n<p>El usuario podr\u00e1 revocar el consentimiento para el env\u00edo de comunicaciones comerciales y ejercitar los derechos anteriormente mencionados dirigiendo un correo electr\u00f3nico a tommasolanucara@gmail.com o por correo postal al responsable del tratamiento en el domicilio social de LA EMPRESA, en ambos casos con la referencia: \u201cProtecci\u00f3n de Datos\u201d, mediante solicitud escrita firmada y adjuntando copia de su DNI.<\/p>\n<p><b>Informaci\u00f3n sobre cookies<\/b><b><br><\/b><b><br><\/b><span style=\"font-weight: 400;\">El sitio web utiliza cookies durante la navegaci\u00f3n del usuario por sus p\u00e1ginas web para facilitar la personalizaci\u00f3n y comodidad.<\/span><\/p>\n<p><span style=\"font-weight: 400;\">Una cookie es un fragmento de informaci\u00f3n que se env\u00eda desde un servidor web a un navegador y que este puede devolver en accesos posteriores a dicho servidor. Las cookies se asocian con un usuario an\u00f3nimo y su dispositivo, y no proporcionan por s\u00ed mismas el nombre ni los apellidos del usuario.<\/span><\/p>\n<p><span style=\"font-weight: 400;\">Este sitio web utiliza cookies de Google para mostrar anuncios basados en visitas anteriores al sitio web o a otros sitios web que tambi\u00e9n muestran anuncios de Google. Los usuarios pueden desactivar las cookies de seguimiento de anuncios accediendo a:<\/span><a href=\"https:\/\/www.google.com\/settings\/ads\" rel=\"noopener\"> <span style=\"font-weight: 400;\">https:\/\/www.google.com\/settings\/ads<\/span><\/a><\/p>\n<p><b>Tipos de cookies<\/b><\/p>\n<ul>\n<li style=\"font-weight: 400;\" aria-level=\"1\"><b>Cookies de registro<\/b><span style=\"font-weight: 400;\">:Para identificar al usuario que ha iniciado sesi\u00f3n.<\/span><\/li>\n<li style=\"font-weight: 400;\" aria-level=\"1\"><b>Cookies publicitarias<\/b><span style=\"font-weight: 400;\">:Ofrecer contenidos publicitarios afines a los intereses del usuario, ya sea directamente o a trav\u00e9s de terceros denominados Adservers.<\/span><\/li>\n<li style=\"font-weight: 400;\" aria-level=\"1\"><b>Cookies anal\u00edticas<\/b><span style=\"font-weight: 400;\">:Para obtener informaci\u00f3n relacionada con la medici\u00f3n de audiencia.<\/span><\/li>\n<li style=\"font-weight: 400;\" aria-level=\"1\"><b>Cookies de geolocalizaci\u00f3n<\/b><span style=\"font-weight: 400;\">: Proporcionar informaci\u00f3n sobre la ubicaci\u00f3n geogr\u00e1fica del usuario.<\/span><\/li>\n<\/ul>\n<p><span style=\"font-weight: 400;\">El usuario puede configurar su navegador para que le informe de la recepci\u00f3n de cookies, con la posibilidad de impedir su instalaci\u00f3n en su disco duro si as\u00ed lo desea. Sin embargo, la instalaci\u00f3n de cookies no es necesaria para acceder al sitio web.<\/span><\/p>\n<p><span style=\"font-weight: 400;\">Dependiendo del tipo de navegador que utilice el usuario, podr\u00e1 deshabilitar el uso de cookies de la siguiente manera:<\/span><\/p>\n<ul>\n<li style=\"font-weight: 400;\" aria-level=\"1\"><b>Cromo<\/b><span style=\"font-weight: 400;\">: Configuraci\u00f3n &gt; Configuraci\u00f3n avanzada &gt; Privacidad y seguridad &gt; Configuraci\u00f3n de contenido<\/span><\/li>\n<li style=\"font-weight: 400;\" aria-level=\"1\"><b>Firefox<\/b><span style=\"font-weight: 400;\">:Opciones &gt; Privacidad y seguridad<\/span><\/li>\n<li style=\"font-weight: 400;\" aria-level=\"1\"><b>Borde<\/b><span style=\"font-weight: 400;\">: Configuraci\u00f3n &gt; Configuraci\u00f3n avanzada &gt; Privacidad y servicios<\/span><\/li>\n<li style=\"font-weight: 400;\" aria-level=\"1\"><b>Safari<\/b><span style=\"font-weight: 400;\">: Preferencias &gt; Privacidad<\/span><\/li>\n<\/ul>\n<p><b>LSSICE<\/b><b><br><\/b><b><br><\/b><span style=\"font-weight: 400;\">Asimismo, le informamos que no utilizamos estos datos para enviar comunicaciones comerciales no solicitadas o no autorizadas por correo electr\u00f3nico, tal y como estipula la LSSICE.<\/span><\/p>\n<p><b>Comunicaciones<\/b><b><br><\/b><b><br><\/b><span style=\"font-weight: 400;\">Para realizar cualquier notificaci\u00f3n relacionada con este contrato, LA EMPRESA designa expresamente la direcci\u00f3n indicada en este documento, y el usuario designa expresamente la direcci\u00f3n proporcionada en el formulario de solicitud. Para llevar a cabo el proceso de contrataci\u00f3n, el usuario debe mantener la direcci\u00f3n de correo electr\u00f3nico proporcionada para las comunicaciones con LA EMPRESA operativa, activa y actualizada, ya que es el medio de comunicaci\u00f3n preferente (aunque no el \u00fanico). En general, el usuario se compromete y est\u00e1 obligado a mantener sus datos personales y de contacto permanentemente actualizados y a notificar cualquier cambio de forma fehaciente. De no proporcionar dicha notificaci\u00f3n, se considerar\u00e1n v\u00e1lidas las notificaciones enviadas a la direcci\u00f3n indicada en el formulario.<\/span><\/p>\n<p><b>Nulidad e ineficacia de las cl\u00e1usulas<\/b><b><br><\/b><b><br><\/b><span style=\"font-weight: 400;\">Si cualquier cl\u00e1usula de esta Pol\u00edtica de Privacidad, junto con la Pol\u00edtica de Privacidad y Pol\u00edtica de Cookies, fuese declarada total o parcialmente nula o ineficaz, tan solo afectar\u00e1 a dicha disposici\u00f3n o a la parte de la misma que resulte nula o ineficaz, subsistiendo las restantes condiciones generales, teni\u00e9ndose por no puesta la disposici\u00f3n o la parte de la misma afectada, salvo que fuera esencial a las presentes condiciones generales, en cuyo caso las afectar\u00eda \u00edntegramente.<\/span><\/p>\n<p><b>Ley aplicable y jurisdicci\u00f3n<\/b><b><br><\/b><b><br><\/b><span style=\"font-weight: 400;\">Para la resoluci\u00f3n de cualquier controversia o cuesti\u00f3n relacionada con este sitio web o las actividades que se realizan en \u00e9l, se aplicar\u00e1 la legislaci\u00f3n espa\u00f1ola, a la que las partes se someten expresamente. El mero uso de los servicios de este sitio web implica la aceptaci\u00f3n expresa de dicha sumisi\u00f3n a la jurisdicci\u00f3n espa\u00f1ola.<\/span><\/p>\n<p><span style=\"font-weight: 400;\">Asimismo, salvo lo dispuesto en el p\u00e1rrafo siguiente, las partes intervinientes acuerdan que cualquier litigio, desacuerdo, cuesti\u00f3n o reclamaci\u00f3n derivada de la ejecuci\u00f3n o interpretaci\u00f3n de estas condiciones o textos relacionados que pudieran existir en el sitio web se resolver\u00e1 definitivamente mediante sumisi\u00f3n a los Juzgados y Tribunales de Barcelona, con renuncia expresa a cualquier otro fuero o partido judicial que pudiera corresponderles.<\/span><\/p>\n<p><span style=\"font-weight: 400;\">El p\u00e1rrafo anterior no ser\u00e1 de aplicaci\u00f3n si una de las partes es consumidor o usuario, seg\u00fan se define en la normativa de protecci\u00f3n de los consumidores (Real Decreto Legislativo 1\/2007, de 16 de noviembre, por el que se aprueba el texto refundido de la Ley General para la Defensa de los Consumidores y Usuarios y otras leyes complementarias). En tal caso (y para un conflicto relacionado y regulado por la Ley), prevalecer\u00e1 la jurisdicci\u00f3n designada en dicha legislaci\u00f3n.<\/span><\/p>\t\t\t\t\t\t\t\t<\/div>\n\t\t\t\t\t<\/div>\n\t\t\t\t<\/div>\n\t\t\t\t<\/div>","protected":false},"excerpt":{"rendered":"<p>This Privacy Policy, together with the Participation Rules and the Legal Notice, constitutes the legal framework that governs the use of the website tommasolanucara.com. This Privacy Policy specifically regulates the use and processing that THE COMPANY gives to your personal data as a user of the Website since by accessing this website, you acquire the [&hellip;]<\/p>\n","protected":false},"author":1,"featured_media":0,"parent":0,"menu_order":0,"comment_status":"closed","ping_status":"closed","template":"","meta":{"footnotes":""},"class_list":["post-415","page","type-page","status-publish","hentry"],"_links":{"self":[{"href":"https:\/\/tommasolanucara.com\/es\/wp-json\/wp\/v2\/pages\/415","targetHints":{"allow":["GET"]}}],"collection":[{"href":"https:\/\/tommasolanucara.com\/es\/wp-json\/wp\/v2\/pages"}],"about":[{"href":"https:\/\/tommasolanucara.com\/es\/wp-json\/wp\/v2\/types\/page"}],"author":[{"embeddable":true,"href":"https:\/\/tommasolanucara.com\/es\/wp-json\/wp\/v2\/users\/1"}],"replies":[{"embeddable":true,"href":"https:\/\/tommasolanucara.com\/es\/wp-json\/wp\/v2\/comments?post=415"}],"version-history":[{"count":7,"href":"https:\/\/tommasolanucara.com\/es\/wp-json\/wp\/v2\/pages\/415\/revisions"}],"predecessor-version":[{"id":422,"href":"https:\/\/tommasolanucara.com\/es\/wp-json\/wp\/v2\/pages\/415\/revisions\/422"}],"wp:attachment":[{"href":"https:\/\/tommasolanucara.com\/es\/wp-json\/wp\/v2\/media?parent=415"}],"curies":[{"name":"wp","href":"https:\/\/api.w.org\/{rel}","templated":true}]}}